{"id":1276,"date":"2025-07-14T15:58:23","date_gmt":"2025-07-14T15:58:23","guid":{"rendered":"https:\/\/yc4bhvbsmfa.preview.infomaniak.website\/?page_id=1276"},"modified":"2026-01-12T09:15:24","modified_gmt":"2026-01-12T09:15:24","slug":"skipper-chez-nous","status":"publish","type":"page","link":"https:\/\/www.reves-sur-mer.ch\/fr_fr\/skipper-chez-nous\/","title":{"rendered":"Skipper chez nous"},"content":{"rendered":"<p>[et_pb_section fb_built=\u00a0\u00bb1&Prime; _builder_version=\u00a0\u00bb4.27.4&Prime; _module_preset=\u00a0\u00bbdefault\u00a0\u00bb custom_margin=\u00a0\u00bb-75px||||false|false\u00a0\u00bb global_colors_info=\u00a0\u00bb{}\u00a0\u00bb][et_pb_row _builder_version=\u00a0\u00bb4.27.4&Prime; _module_preset=\u00a0\u00bbdefault\u00a0\u00bb global_colors_info=\u00a0\u00bb{}\u00a0\u00bb][et_pb_column type=\u00a0\u00bb4_4&Prime; _builder_version=\u00a0\u00bb4.27.4&Prime; _module_preset=\u00a0\u00bbdefault\u00a0\u00bb global_colors_info=\u00a0\u00bb{}\u00a0\u00bb][et_pb_heading title=\u00a0\u00bbTu veux nous rejoindre comme skipper ?\u00a0\u00bb _builder_version=\u00a0\u00bb4.27.4&Prime; _module_preset=\u00a0\u00bbdefault\u00a0\u00bb title_font=\u00a0\u00bb|800||on|||||\u00a0\u00bb title_text_align=\u00a0\u00bbcenter\u00a0\u00bb title_text_color=\u00a0\u00bb#2ec7c7&Prime; title_font_size=\u00a0\u00bb32px\u00a0\u00bb title_letter_spacing=\u00a0\u00bb3px\u00a0\u00bb hover_enabled=\u00a0\u00bb0&Prime; title_font_size_tablet=\u00a0\u00bb28px\u00a0\u00bb title_font_size_phone=\u00a0\u00bb28px\u00a0\u00bb title_font_size_last_edited=\u00a0\u00bbon|tablet\u00a0\u00bb global_colors_info=\u00a0\u00bb{}\u00a0\u00bb sticky_enabled=\u00a0\u00bb0&Prime;][\/et_pb_heading][\/et_pb_column][\/et_pb_row][et_pb_row _builder_version=\u00a0\u00bb4.27.4&Prime; _module_preset=\u00a0\u00bbdefault\u00a0\u00bb global_colors_info=\u00a0\u00bb{}\u00a0\u00bb][et_pb_column type=\u00a0\u00bb4_4&Prime; _builder_version=\u00a0\u00bb4.27.4&Prime; _module_preset=\u00a0\u00bbdefault\u00a0\u00bb global_colors_info=\u00a0\u00bb{}\u00a0\u00bb][et_pb_heading title=\u00a0\u00bbL&rsquo;AJPB recherche des skippers pr\u00eat-e-s \u00e0 s&rsquo;investir avec et pour les jeunes\u00a0\u00bb _builder_version=\u00a0\u00bb4.27.4&Prime; _module_preset=\u00a0\u00bbdefault\u00a0\u00bb title_level=\u00a0\u00bbh4&Prime; title_font=\u00a0\u00bb|700|||||||\u00a0\u00bb title_text_align=\u00a0\u00bbcenter\u00a0\u00bb title_letter_spacing=\u00a0\u00bb1px\u00a0\u00bb custom_margin=\u00a0\u00bb-34px||0px||false|false\u00a0\u00bb hover_enabled=\u00a0\u00bb0&Prime; global_colors_info=\u00a0\u00bb{}\u00a0\u00bb sticky_enabled=\u00a0\u00bb0&Prime;][\/et_pb_heading][\/et_pb_column][\/et_pb_row][et_pb_row column_structure=\u00a0\u00bb1_2,1_2&Prime; _builder_version=\u00a0\u00bb4.27.4&Prime; _module_preset=\u00a0\u00bbdefault\u00a0\u00bb global_colors_info=\u00a0\u00bb{}\u00a0\u00bb][et_pb_column type=\u00a0\u00bb1_2&Prime; _builder_version=\u00a0\u00bb4.27.4&Prime; _module_preset=\u00a0\u00bbdefault\u00a0\u00bb hover_enabled=\u00a0\u00bb0&Prime; global_colors_info=\u00a0\u00bb{}\u00a0\u00bb sticky_enabled=\u00a0\u00bb0&Prime;][et_pb_text _builder_version=\u00a0\u00bb4.27.4&Prime; _module_preset=\u00a0\u00bbdefault\u00a0\u00bb max_width=\u00a0\u00bb87%\u00a0\u00bb module_alignment=\u00a0\u00bbleft\u00a0\u00bb hover_enabled=\u00a0\u00bb0&Prime; border_width_all=\u00a0\u00bb4px\u00a0\u00bb border_style_all=\u00a0\u00bbnone\u00a0\u00bb global_colors_info=\u00a0\u00bb{}\u00a0\u00bb admin_label=\u00a0\u00bbTexte\u00a0\u00bb text_text_color=\u00a0\u00bb#000000&Prime; text_font_size=\u00a0\u00bb16px\u00a0\u00bb sticky_enabled=\u00a0\u00bb0&Prime;]<\/p>\n<div data-mesh-id=\"comp-lyzh8txfinlineContent\" data-testid=\"inline-content\" class=\"\">\n<div data-mesh-id=\"comp-lyzh8txfinlineContent-gridContainer\" data-testid=\"mesh-container-content\">\n<div id=\"comp-lyzh8txg1\" class=\"Z_l5lU ku3DBC zQ9jDz qvSjx3 Vq6kJx comp-lyzh8txg1 wixui-rich-text\" data-testid=\"richTextElement\"><\/div>\n<div id=\"comp-lyzj22z4\" data-testid=\"richTextElement\">\n<h2><span style=\"color: #33cccc;\">Tu aimes<\/span><\/h2>\n<\/div>\n<div id=\"comp-lyzj2d50\" data-testid=\"richTextElement\">\n<ol>\n<li>Vivre en communaut\u00e9<\/li>\n<li>Partager ta passion<\/li>\n<li>Le contact avec les jeunes<\/li>\n<\/ol>\n<\/div>\n<div id=\"comp-lyzj6nl1\" data-testid=\"richTextElement\">\n<div id=\"comp-lyzh8txg1\" data-testid=\"richTextElement\">\n<h2><span style=\"color: #33cccc;\">Exigences minimales<\/span><\/h2>\n<\/div>\n<div id=\"comp-lyzh8txh1\" data-testid=\"richTextElement\">\n<ol>\n<li>Titulaire d&rsquo;un permis mer voile<\/li>\n<li>Exp\u00e9riences de navigation en mer<\/li>\n<li>Tu jouis d&rsquo;une bonne r\u00e9putation, tu as des m\u0153urs irr\u00e9prochables et tu sais te comporter avec les jeunes.<\/li>\n<li>La premi\u00e8re fois, tu participeras comme second.<\/li>\n<\/ol>\n<\/div>\n<h2><span style=\"color: #33cccc;\">L&rsquo;AJPB t&rsquo;offre<\/span><\/h2>\n<\/div>\n<div id=\"comp-lyzj71aq\" data-testid=\"richTextElement\">\n<ol>\n<li>D&rsquo;int\u00e9grer une association de\u00a0 plus de 100 membres passionn\u00e9s de mer et de voile<\/li>\n<li>De naviguer \u00e0 moindre co\u00fbt.\u200b<\/li>\n<\/ol>\n<\/div>\n<\/div>\n<\/div>\n<p>[\/et_pb_text][\/et_pb_column][et_pb_column type=\u00a0\u00bb1_2&Prime; _builder_version=\u00a0\u00bb4.27.4&Prime; _module_preset=\u00a0\u00bbdefault\u00a0\u00bb global_colors_info=\u00a0\u00bb{}\u00a0\u00bb][et_pb_gallery gallery_ids=\u00a0\u00bb1284,208,1285,178&Prime; show_title_and_caption=\u00a0\u00bboff\u00a0\u00bb _builder_version=\u00a0\u00bb4.27.4&Prime; _module_preset=\u00a0\u00bbdefault\u00a0\u00bb global_colors_info=\u00a0\u00bb{}\u00a0\u00bb][\/et_pb_gallery][\/et_pb_column][\/et_pb_row][et_pb_row _builder_version=\u00a0\u00bb4.27.4&Prime; _module_preset=\u00a0\u00bbdefault\u00a0\u00bb hover_enabled=\u00a0\u00bb0&Prime; global_colors_info=\u00a0\u00bb{}\u00a0\u00bb sticky_enabled=\u00a0\u00bb0&Prime;][et_pb_column type=\u00a0\u00bb4_4&Prime; _builder_version=\u00a0\u00bb4.27.4&Prime; _module_preset=\u00a0\u00bbdefault\u00a0\u00bb hover_enabled=\u00a0\u00bb0&Prime; global_colors_info=\u00a0\u00bb{}\u00a0\u00bb sticky_enabled=\u00a0\u00bb0&Prime;][et_pb_heading title=\u00a0\u00bbTu veux nous rejoindre comme second-e ?\u00a0\u00bb _builder_version=\u00a0\u00bb4.27.4&Prime; _module_preset=\u00a0\u00bbdefault\u00a0\u00bb title_font=\u00a0\u00bb|800||on|||||\u00a0\u00bb title_text_align=\u00a0\u00bbcenter\u00a0\u00bb title_text_color=\u00a0\u00bb#2ec7c7&Prime; title_font_size=\u00a0\u00bb32px\u00a0\u00bb title_letter_spacing=\u00a0\u00bb4px\u00a0\u00bb hover_enabled=\u00a0\u00bb0&Prime; title_font_size_tablet=\u00a0\u00bb28px\u00a0\u00bb title_font_size_phone=\u00a0\u00bb25px\u00a0\u00bb title_font_size_last_edited=\u00a0\u00bbon|tablet\u00a0\u00bb global_colors_info=\u00a0\u00bb{}\u00a0\u00bb sticky_enabled=\u00a0\u00bb0&Prime;][\/et_pb_heading][\/et_pb_column][\/et_pb_row][et_pb_row column_structure=\u00a0\u00bb1_2,1_2&Prime; _builder_version=\u00a0\u00bb4.27.4&Prime; _module_preset=\u00a0\u00bbdefault\u00a0\u00bb global_colors_info=\u00a0\u00bb{}\u00a0\u00bb][et_pb_column type=\u00a0\u00bb1_2&Prime; _builder_version=\u00a0\u00bb4.27.4&Prime; _module_preset=\u00a0\u00bbdefault\u00a0\u00bb global_colors_info=\u00a0\u00bb{}\u00a0\u00bb][et_pb_gallery gallery_ids=\u00a0\u00bb1287,1286,208,1291&Prime; show_title_and_caption=\u00a0\u00bboff\u00a0\u00bb _builder_version=\u00a0\u00bb4.27.4&Prime; _module_preset=\u00a0\u00bbdefault\u00a0\u00bb global_colors_info=\u00a0\u00bb{}\u00a0\u00bb][\/et_pb_gallery][\/et_pb_column][et_pb_column type=\u00a0\u00bb1_2&Prime; _builder_version=\u00a0\u00bb4.27.4&Prime; _module_preset=\u00a0\u00bbdefault\u00a0\u00bb global_colors_info=\u00a0\u00bb{}\u00a0\u00bb][et_pb_text _builder_version=\u00a0\u00bb4.27.4&Prime; _module_preset=\u00a0\u00bbdefault\u00a0\u00bb max_width=\u00a0\u00bb87%\u00a0\u00bb module_alignment=\u00a0\u00bbleft\u00a0\u00bb hover_enabled=\u00a0\u00bb0&Prime; border_width_all=\u00a0\u00bb4px\u00a0\u00bb border_style_all=\u00a0\u00bbnone\u00a0\u00bb global_colors_info=\u00a0\u00bb{}\u00a0\u00bb sticky_enabled=\u00a0\u00bb0&Prime; text_text_color=\u00a0\u00bb#000000&Prime; text_font_size=\u00a0\u00bb16px\u00a0\u00bb]<\/p>\n<div data-mesh-id=\"comp-lyzh8txfinlineContent\" data-testid=\"inline-content\" class=\"\">\n<div data-mesh-id=\"comp-lyzh8txfinlineContent-gridContainer\" data-testid=\"mesh-container-content\">\n<div id=\"comp-lyzh8txg1\" class=\"Z_l5lU ku3DBC zQ9jDz qvSjx3 Vq6kJx comp-lyzh8txg1 wixui-rich-text\" data-testid=\"richTextElement\"><\/div>\n<div id=\"comp-lyzj22z4\" data-testid=\"richTextElement\">\n<h2><span style=\"color: #33cccc;\">Tu aimes<\/span><\/h2>\n<\/div>\n<div id=\"comp-lyzj2d50\" data-testid=\"richTextElement\">\n<ol>\n<li>Vivre en communaut\u00e9<\/li>\n<li>Partager ta passion<\/li>\n<li>Le contact avec les jeunes<\/li>\n<\/ol>\n<\/div>\n<div id=\"comp-lyzj6nl1\" data-testid=\"richTextElement\">\n<div id=\"comp-lyzh8txg1\" data-testid=\"richTextElement\">\n<h2><span style=\"color: #33cccc;\">Exigences minimales<\/span><\/h2>\n<\/div>\n<div id=\"comp-lyzh8txh1\" data-testid=\"richTextElement\">\n<ol>\n<li>Titulaire d&rsquo;un permis lac voile<\/li>\n<li>Exp\u00e9riences de navigation en mer<\/li>\n<li>Tu jouis d&rsquo;une bonne r\u00e9putation, tu as des m\u0153urs irr\u00e9prochables et tu sais te comporter avec les jeunes.<\/li>\n<\/ol>\n<\/div>\n<h2><span style=\"color: #33cccc;\">L&rsquo;AJPB t&rsquo;offre<\/span><\/h2>\n<\/div>\n<div id=\"comp-lyzj71aq\" data-testid=\"richTextElement\">\n<ol>\n<li>De r\u00e9aliser les milles n\u00e9cessaires \u00e0 l&rsquo;obtention du permis mer voile CH.<\/li>\n<li>De naviguer \u00e0 moindre co\u00fbt.\u200b<\/li>\n<li>D&rsquo;int\u00e9grer une association de\u00a0 plus de 100 membres passionn\u00e9s de mer et de voile<\/li>\n<\/ol>\n<\/div>\n<\/div>\n<\/div>\n<p>[\/et_pb_text][\/et_pb_column][\/et_pb_row][et_pb_row _builder_version=\u00a0\u00bb4.27.4&Prime; _module_preset=\u00a0\u00bbdefault\u00a0\u00bb global_colors_info=\u00a0\u00bb{}\u00a0\u00bb][et_pb_column type=\u00a0\u00bb4_4&Prime; _builder_version=\u00a0\u00bb4.27.4&Prime; _module_preset=\u00a0\u00bbdefault\u00a0\u00bb global_colors_info=\u00a0\u00bb{}\u00a0\u00bb][et_pb_divider _builder_version=\u00a0\u00bb4.27.4&Prime; _module_preset=\u00a0\u00bbdefault\u00a0\u00bb global_colors_info=\u00a0\u00bb{}\u00a0\u00bb admin_label=\u00a0\u00bbS\u00e9parateur\u00a0\u00bb][\/et_pb_divider][\/et_pb_column][\/et_pb_row][et_pb_row _builder_version=\u00a0\u00bb4.27.4&Prime; _module_preset=\u00a0\u00bbdefault\u00a0\u00bb global_colors_info=\u00a0\u00bb{}\u00a0\u00bb][et_pb_column type=\u00a0\u00bb4_4&Prime; _builder_version=\u00a0\u00bb4.27.4&Prime; _module_preset=\u00a0\u00bbdefault\u00a0\u00bb global_colors_info=\u00a0\u00bb{}\u00a0\u00bb][et_pb_heading title=\u00a0\u00bbL&rsquo;AJPB recherche des second-e-s pr\u00eat-e-s \u00e0 s&rsquo;investir avec et pour les jeunes\u00a0\u00bb _builder_version=\u00a0\u00bb4.27.4&Prime; _module_preset=\u00a0\u00bbdefault\u00a0\u00bb title_level=\u00a0\u00bbh4&Prime; title_font=\u00a0\u00bb|700|||||||\u00a0\u00bb title_text_align=\u00a0\u00bbcenter\u00a0\u00bb custom_margin=\u00a0\u00bb-34px||0px||false|false\u00a0\u00bb hover_enabled=\u00a0\u00bb0&Prime; global_colors_info=\u00a0\u00bb{}\u00a0\u00bb admin_label=\u00a0\u00bbEn-t\u00eate\u00a0\u00bb sticky_enabled=\u00a0\u00bb0&Prime;][\/et_pb_heading][\/et_pb_column][\/et_pb_row][et_pb_row _builder_version=\u00a0\u00bb4.27.4&Prime; _module_preset=\u00a0\u00bbdefault\u00a0\u00bb global_colors_info=\u00a0\u00bb{}\u00a0\u00bb][et_pb_column type=\u00a0\u00bb4_4&Prime; _builder_version=\u00a0\u00bb4.27.4&Prime; _module_preset=\u00a0\u00bbdefault\u00a0\u00bb global_colors_info=\u00a0\u00bb{}\u00a0\u00bb][et_pb_heading title=\u00a0\u00bbInt\u00e9ress\u00e9-e ? prends contact avec notre chef de flottille \u00a0\u00bb _builder_version=\u00a0\u00bb4.27.4&Prime; _module_preset=\u00a0\u00bbdefault\u00a0\u00bb title_level=\u00a0\u00bbh6&Prime; title_font=\u00a0\u00bb|800||on|||||\u00a0\u00bb title_text_align=\u00a0\u00bbcenter\u00a0\u00bb title_text_color=\u00a0\u00bb#2ec7c7&Prime; title_font_size=\u00a0\u00bb18px\u00a0\u00bb title_letter_spacing=\u00a0\u00bb5px\u00a0\u00bb hover_enabled=\u00a0\u00bb0&Prime; global_colors_info=\u00a0\u00bb{}\u00a0\u00bb sticky_enabled=\u00a0\u00bb0&Prime;][\/et_pb_heading][\/et_pb_column][\/et_pb_row][et_pb_row _builder_version=\u00a0\u00bb4.27.4&Prime; _module_preset=\u00a0\u00bbdefault\u00a0\u00bb global_colors_info=\u00a0\u00bb{}\u00a0\u00bb][et_pb_column type=\u00a0\u00bb4_4&Prime; _builder_version=\u00a0\u00bb4.27.4&Prime; _module_preset=\u00a0\u00bbdefault\u00a0\u00bb global_colors_info=\u00a0\u00bb{}\u00a0\u00bb][et_pb_button button_url=\u00a0\u00bbmailto:%20juergen.menninger@reves-sur-mer.ch?subject=Je%20suis%20int\u00e9ress\u00e9-e&#038;body=Bonjour%20J\u00fcrgen,%0D%0A%0D%0A%20Je%20suis%20int\u00e9ress\u00e9-e%20\u2026%0A%0D%0ACordialement\u00a0\u00bb button_text=\u00a0\u00bbCONTACT\u00a0\u00bb button_alignment=\u00a0\u00bbcenter\u00a0\u00bb _builder_version=\u00a0\u00bb4.27.4&Prime; _module_preset=\u00a0\u00bbdefault\u00a0\u00bb custom_button=\u00a0\u00bbon\u00a0\u00bb button_text_color=\u00a0\u00bb#FFFFFF\u00a0\u00bb button_bg_color=\u00a0\u00bb#2ec7c7&Prime; button_border_color=\u00a0\u00bbRGBA(255,255,255,0)\u00a0\u00bb button_font=\u00a0\u00bb|700||on|||||\u00a0\u00bb button_icon=\u00a0\u00bb&#x45;||divi||400&Prime; box_shadow_style=\u00a0\u00bbpreset4&Prime; global_colors_info=\u00a0\u00bb{}\u00a0\u00bb][\/et_pb_button][\/et_pb_column][\/et_pb_row][\/et_pb_section]<\/p>\n","protected":false},"excerpt":{"rendered":"<p>Tu aimes Vivre en communaut\u00e9 Partager ta passion Le contact avec les jeunes Exigences minimales Titulaire d&rsquo;un permis mer voile Exp\u00e9riences de navigation en mer Tu jouis d&rsquo;une bonne r\u00e9putation, tu as des m\u0153urs irr\u00e9prochables et tu sais te comporter avec les jeunes. La premi\u00e8re fois, tu participeras comme second. L&rsquo;AJPB t&rsquo;offre D&rsquo;int\u00e9grer une association [&hellip;]<\/p>\n","protected":false},"author":1,"featured_media":0,"parent":0,"menu_order":0,"comment_status":"closed","ping_status":"closed","template":"","meta":{"_et_pb_use_builder":"on","_et_pb_old_content":"","_et_gb_content_width":"","footnotes":""},"class_list":["post-1276","page","type-page","status-publish","hentry"],"_links":{"self":[{"href":"https:\/\/www.reves-sur-mer.ch\/fr_fr\/wp-json\/wp\/v2\/pages\/1276","targetHints":{"allow":["GET"]}}],"collection":[{"href":"https:\/\/www.reves-sur-mer.ch\/fr_fr\/wp-json\/wp\/v2\/pages"}],"about":[{"href":"https:\/\/www.reves-sur-mer.ch\/fr_fr\/wp-json\/wp\/v2\/types\/page"}],"author":[{"embeddable":true,"href":"https:\/\/www.reves-sur-mer.ch\/fr_fr\/wp-json\/wp\/v2\/users\/1"}],"replies":[{"embeddable":true,"href":"https:\/\/www.reves-sur-mer.ch\/fr_fr\/wp-json\/wp\/v2\/comments?post=1276"}],"version-history":[{"count":27,"href":"https:\/\/www.reves-sur-mer.ch\/fr_fr\/wp-json\/wp\/v2\/pages\/1276\/revisions"}],"predecessor-version":[{"id":3572,"href":"https:\/\/www.reves-sur-mer.ch\/fr_fr\/wp-json\/wp\/v2\/pages\/1276\/revisions\/3572"}],"wp:attachment":[{"href":"https:\/\/www.reves-sur-mer.ch\/fr_fr\/wp-json\/wp\/v2\/media?parent=1276"}],"curies":[{"name":"wp","href":"https:\/\/api.w.org\/{rel}","templated":true}]}}