{"id":1162,"date":"2025-07-01T18:08:15","date_gmt":"2025-07-01T18:08:15","guid":{"rendered":"https:\/\/yc4bhvbsmfa.preview.infomaniak.website\/?page_id=1162"},"modified":"2025-12-28T13:53:14","modified_gmt":"2025-12-28T13:53:14","slug":"camps-reves-sur-mer","status":"publish","type":"page","link":"https:\/\/www.reves-sur-mer.ch\/fr_fr\/camps-reves-sur-mer\/","title":{"rendered":"Les camps de voile"},"content":{"rendered":"<p>[et_pb_section fb_built=\u00a0\u00bb1&Prime; admin_label=\u00a0\u00bbR\u00eaves-sur-Mer\u00a0\u00bb module_id=\u00a0\u00bbhautdepage\u00a0\u00bb _builder_version=\u00a0\u00bb4.27.4&Prime; _module_preset=\u00a0\u00bbdefault\u00a0\u00bb custom_margin=\u00a0\u00bb-75px||||false|false\u00a0\u00bb global_colors_info=\u00a0\u00bb{}\u00a0\u00bb][et_pb_row _builder_version=\u00a0\u00bb4.27.4&Prime; _module_preset=\u00a0\u00bbdefault\u00a0\u00bb global_colors_info=\u00a0\u00bb{}\u00a0\u00bb][et_pb_column type=\u00a0\u00bb4_4&Prime; _builder_version=\u00a0\u00bb4.27.4&Prime; _module_preset=\u00a0\u00bbdefault\u00a0\u00bb global_colors_info=\u00a0\u00bb{}\u00a0\u00bb][et_pb_heading title=\u00a0\u00bbLes camps de voile\u00a0\u00bb _builder_version=\u00a0\u00bb4.27.4&Prime; _module_preset=\u00a0\u00bbdefault\u00a0\u00bb title_font=\u00a0\u00bb|800||on|||||\u00a0\u00bb title_text_align=\u00a0\u00bbcenter\u00a0\u00bb title_text_color=\u00a0\u00bb#2ec7c7&Prime; title_font_size=\u00a0\u00bb40px\u00a0\u00bb title_letter_spacing=\u00a0\u00bb4px\u00a0\u00bb hover_enabled=\u00a0\u00bb0&Prime; title_font_size_tablet=\u00a0\u00bb28px\u00a0\u00bb title_font_size_phone=\u00a0\u00bb28px\u00a0\u00bb title_font_size_last_edited=\u00a0\u00bbon|tablet\u00a0\u00bb global_colors_info=\u00a0\u00bb{}\u00a0\u00bb sticky_enabled=\u00a0\u00bb0&Prime;][\/et_pb_heading][\/et_pb_column][\/et_pb_row][et_pb_row column_structure=\u00a0\u00bb1_2,1_2&Prime; _builder_version=\u00a0\u00bb4.27.4&Prime; _module_preset=\u00a0\u00bbdefault\u00a0\u00bb custom_margin=\u00a0\u00bb-43px||||false|false\u00a0\u00bb global_colors_info=\u00a0\u00bb{}\u00a0\u00bb][et_pb_column type=\u00a0\u00bb1_2&Prime; _builder_version=\u00a0\u00bb4.27.4&Prime; _module_preset=\u00a0\u00bbdefault\u00a0\u00bb global_colors_info=\u00a0\u00bb{}\u00a0\u00bb][\/et_pb_column][et_pb_column type=\u00a0\u00bb1_2&Prime; admin_label=\u00a0\u00bbS\u00e9parateur \u00a0\u00bb _builder_version=\u00a0\u00bb4.27.4&Prime; _module_preset=\u00a0\u00bbdefault\u00a0\u00bb global_colors_info=\u00a0\u00bb{}\u00a0\u00bb][et_pb_divider show_divider=\u00a0\u00bboff\u00a0\u00bb _builder_version=\u00a0\u00bb4.27.4&Prime; _module_preset=\u00a0\u00bbdefault\u00a0\u00bb global_colors_info=\u00a0\u00bb{}\u00a0\u00bb][\/et_pb_divider][\/et_pb_column][\/et_pb_row][et_pb_row column_structure=\u00a0\u00bb1_4,1_4,1_4,1_4&Prime; use_custom_gutter=\u00a0\u00bbon\u00a0\u00bb gutter_width=\u00a0\u00bb1&Prime; make_equal=\u00a0\u00bbon\u00a0\u00bb _builder_version=\u00a0\u00bb4.27.4&Prime; _module_preset=\u00a0\u00bbdefault\u00a0\u00bb width=\u00a0\u00bb92%\u00a0\u00bb max_width=\u00a0\u00bb1787px\u00a0\u00bb module_alignment=\u00a0\u00bbcenter\u00a0\u00bb custom_margin=\u00a0\u00bb-60px||||false|false\u00a0\u00bb custom_padding=\u00a0\u00bb||||false|false\u00a0\u00bb global_colors_info=\u00a0\u00bb{}\u00a0\u00bb][et_pb_column type=\u00a0\u00bb1_4&Prime; _builder_version=\u00a0\u00bb4.27.4&Prime; _module_preset=\u00a0\u00bbdefault\u00a0\u00bb custom_padding=\u00a0\u00bb|60px||80px|false|false\u00a0\u00bb global_colors_info=\u00a0\u00bb{}\u00a0\u00bb][et_pb_image src=\u00a0\u00bbhttps:\/\/yc4bhvbsmfa.preview.infomaniak.website\/wp-content\/uploads\/2025\/06\/20241013_090034303_iOS-scaled.jpg\u00a0\u00bb title_text=\u00a0\u00bb20241013_090034303_iOS\u00a0\u00bb _builder_version=\u00a0\u00bb4.27.4&Prime; _module_preset=\u00a0\u00bbdefault\u00a0\u00bb global_colors_info=\u00a0\u00bb{}\u00a0\u00bb][\/et_pb_image][\/et_pb_column][et_pb_column type=\u00a0\u00bb1_4&Prime; _builder_version=\u00a0\u00bb4.27.4&Prime; _module_preset=\u00a0\u00bbdefault\u00a0\u00bb custom_padding=\u00a0\u00bb|60px||80px|false|false\u00a0\u00bb global_colors_info=\u00a0\u00bb{}\u00a0\u00bb][et_pb_image src=\u00a0\u00bbhttps:\/\/yc4bhvbsmfa.preview.infomaniak.website\/wp-content\/uploads\/2025\/06\/f07af8_071f5f9d6426434c9abfd92e4cef4ba0mv2.jpg\u00a0\u00bb title_text=\u00a0\u00bbf07af8_071f5f9d6426434c9abfd92e4cef4ba0~mv2&Prime; _builder_version=\u00a0\u00bb4.27.4&Prime; _module_preset=\u00a0\u00bbdefault\u00a0\u00bb global_colors_info=\u00a0\u00bb{}\u00a0\u00bb][\/et_pb_image][\/et_pb_column][et_pb_column type=\u00a0\u00bb1_4&Prime; _builder_version=\u00a0\u00bb4.27.4&Prime; _module_preset=\u00a0\u00bbdefault\u00a0\u00bb custom_padding=\u00a0\u00bb|60px||80px|false|false\u00a0\u00bb global_colors_info=\u00a0\u00bb{}\u00a0\u00bb][et_pb_image src=\u00a0\u00bbhttps:\/\/yc4bhvbsmfa.preview.infomaniak.website\/wp-content\/uploads\/2025\/06\/pirates20202010202024.jpg\u00a0\u00bb title_text=\u00a0\u00bbpirates%2020%2010%202024&Prime; _builder_version=\u00a0\u00bb4.27.4&Prime; _module_preset=\u00a0\u00bbdefault\u00a0\u00bb global_colors_info=\u00a0\u00bb{}\u00a0\u00bb][\/et_pb_image][\/et_pb_column][et_pb_column type=\u00a0\u00bb1_4&Prime; _builder_version=\u00a0\u00bb4.27.4&Prime; _module_preset=\u00a0\u00bbdefault\u00a0\u00bb custom_padding=\u00a0\u00bb|60px||80px|false|false\u00a0\u00bb global_colors_info=\u00a0\u00bb{}\u00a0\u00bb][et_pb_image src=\u00a0\u00bbhttps:\/\/yc4bhvbsmfa.preview.infomaniak.website\/wp-content\/uploads\/2025\/06\/Touristes2024201020202420B.jpg\u00a0\u00bb title_text=\u00a0\u00bbTouristes%2024%2010%202024%20B\u00a0\u00bb _builder_version=\u00a0\u00bb4.27.4&Prime; _module_preset=\u00a0\u00bbdefault\u00a0\u00bb global_colors_info=\u00a0\u00bb{}\u00a0\u00bb][\/et_pb_image][\/et_pb_column][\/et_pb_row][et_pb_row _builder_version=\u00a0\u00bb4.27.4&Prime; _module_preset=\u00a0\u00bbdefault\u00a0\u00bb custom_margin=\u00a0\u00bb0px||||false|false\u00a0\u00bb global_colors_info=\u00a0\u00bb{}\u00a0\u00bb][et_pb_column type=\u00a0\u00bb4_4&Prime; admin_label=\u00a0\u00bbColonne\u00a0\u00bb _builder_version=\u00a0\u00bb4.27.4&Prime; _module_preset=\u00a0\u00bbdefault\u00a0\u00bb global_colors_info=\u00a0\u00bb{}\u00a0\u00bb][et_pb_text _builder_version=\u00a0\u00bb4.27.4&Prime; _module_preset=\u00a0\u00bbdefault\u00a0\u00bb text_font=\u00a0\u00bbArial||||||||\u00a0\u00bb text_text_color=\u00a0\u00bb#000000&Prime; global_colors_info=\u00a0\u00bb{}\u00a0\u00bb]<\/p>\n<div id=\"comp-kk7z0zso\" class=\"Z_l5lU ku3DBC zQ9jDz qvSjx3 Vq6kJx comp-kk7z0zso wixui-rich-text\" data-testid=\"richTextElement\" data-motion-enter=\"done\">\n<p>Organis\u00e9s en \u00e9troite collaboration avec les enseignants des cycles d\u2019orientation (CO) du canton de Fribourg, les camps R\u00eaves-sur-Mer, Bulle-en-Mer, Riaz-en-Mer et la Tour-sur-Mer r\u00e9unissent \u00e0 chaque fois 50 \u00e0 70 jeunes de 14 \u00e0 15 ans encadr\u00e9s par 20 \u00e0 30 enseignants et encadrants.<\/p>\n<p>Les skippers et seconds de notre association g\u00e8rent la navigation de la flottille au d\u00e9part de la baie de Toulon, \u00e0 destination des \u00eeles d\u2019Hy\u00e8res et de la r\u00e9gion.<\/p>\n<p>Les \u00e9l\u00e8ves financent eux-m\u00eames leur participation aux camps. Ils organisent ensemble les activit\u00e9s utiles \u00e0 cela : vente de g\u00e2teaux, de fondue, de serviettes de bain, ou encore des soupers de soutien par exemple.<\/p>\n<p>Les \u00e9quipages de chaque bateau se composent de huit \u00e9l\u00e8ves, d\u2019un skipper et d\u2019un second. Les voiliers de plaisance mesurent entre 43 et 50 pieds (env. 13 \u00e0 15m). Les jeunes cuisinent et dorment \u00e0 bord, au port ou \u00e0 l\u2019ancre dans des criques. Lors des escales \u00e0 terre, les enseignants prennent les relais de la responsabilit\u00e9 des groupes pour les diverses activit\u00e9s organis\u00e9es\u00a0: marche, v\u00e9lo, visites et d\u00e9couvertes diverses et vari\u00e9es.<\/p>\n<p>Vie et ambiance \u00e0 bord, navigation, m\u00e9t\u00e9o marine, s\u00e9curit\u00e9 en mer, man\u0153uvres de port et mouillages, ma\u00eetrise des n\u0153uds utiles, tenue du livre de bord, d\u00e9couverte de la faune et de la flore marine, respect de la propret\u00e9 des eaux et des fonds marins, toutes ces activit\u00e9s sont rapport\u00e9es par les \u00e9l\u00e8ves qui tiennent un blog quotidien consultable en tout temps sous ce <a href=\"\/yc4bhvbsmfa.preview.infomaniak.website\/fr_fr\/blog\/\">lien<\/a>.<\/p>\n<\/div>\n<p>[\/et_pb_text][\/et_pb_column][\/et_pb_row][et_pb_row admin_label=\u00a0\u00bbLigne\u00a0\u00bb _builder_version=\u00a0\u00bb4.27.4&Prime; _module_preset=\u00a0\u00bbdefault\u00a0\u00bb custom_margin=\u00a0\u00bb-20px||||false|false\u00a0\u00bb custom_padding=\u00a0\u00bb||||false|false\u00a0\u00bb global_colors_info=\u00a0\u00bb{}\u00a0\u00bb][et_pb_column type=\u00a0\u00bb4_4&Prime; admin_label=\u00a0\u00bbColonne\u00a0\u00bb _builder_version=\u00a0\u00bb4.27.4&Prime; _module_preset=\u00a0\u00bbdefault\u00a0\u00bb custom_padding=\u00a0\u00bb|0px|||false|false\u00a0\u00bb global_colors_info=\u00a0\u00bb{}\u00a0\u00bb][et_pb_code _builder_version=\u00a0\u00bb4.27.4&Prime; _module_preset=\u00a0\u00bbdefault\u00a0\u00bb custom_margin=\u00a0\u00bb||||false|false\u00a0\u00bb custom_margin_tablet=\u00a0\u00bb||||false|false\u00a0\u00bb custom_margin_phone=\u00a0\u00bb0px||0px||false|false\u00a0\u00bb custom_margin_last_edited=\u00a0\u00bbon|phone\u00a0\u00bb custom_padding=\u00a0\u00bb||||false|false\u00a0\u00bb global_colors_info=\u00a0\u00bb{}\u00a0\u00bb]<iframe <!-- [et_pb_line_break_holder] -->    \/* Utilisation de l&rsquo;URL \u00ab\u00a0sans cookies\u00a0\u00bb et du param\u00e8tre rel=0 *\/<!-- [et_pb_line_break_holder] -->    src=\u00a0\u00bbhttps:\/\/www.youtube-nocookie.com\/embed\/ugS7z7t1eBQ?autoplay=0&#038;rel=0&#038;showinfo=0&#038;modestbranding=1&Prime; <!-- [et_pb_line_break_holder] -->    frameborder=\u00a0\u00bb0&Prime; <!-- [et_pb_line_break_holder] -->    allow=\u00a0\u00bbaccelerometer; clipboard-write; encrypted-media; gyroscope; picture-in-picture\u00a0\u00bb <!-- [et_pb_line_break_holder] -->    allowfullscreen<!-- [et_pb_line_break_holder] -->    \/* Styles pour la taille et l&rsquo;affichage stable *\/<!-- [et_pb_line_break_holder] -->    \/* style=\u00a0\u00bbwidth: 100%; height: 575px; display: block;\u00a0\u00bb *\/<!-- [et_pb_line_break_holder] -->><!-- [et_pb_line_break_holder] --><\/iframe>[\/et_pb_code][\/et_pb_column][\/et_pb_row][et_pb_row _builder_version=\u00a0\u00bb4.27.4&Prime; _module_preset=\u00a0\u00bbdefault\u00a0\u00bb custom_margin=\u00a0\u00bb-43px||||false|false\u00a0\u00bb global_colors_info=\u00a0\u00bb{}\u00a0\u00bb][et_pb_column type=\u00a0\u00bb4_4&Prime; _builder_version=\u00a0\u00bb4.27.4&Prime; _module_preset=\u00a0\u00bbdefault\u00a0\u00bb global_colors_info=\u00a0\u00bb{}\u00a0\u00bb][et_pb_button button_url=\u00a0\u00bbmailto:secretariat@reves-sur-mer.ch?subject=Camps%20R\u00eaves-Sur-Mer%20-%20%20\u00e7a%20m\u2019int\u00e9resse&#038;body=Bonjour,%0D%0A%0D%0A%0D%0A%0D%0ACordialement,\u00a0\u00bb button_text=\u00a0\u00bb\u00c7a m&rsquo;int\u00e9resse \u00a0\u00bb button_alignment=\u00a0\u00bbcenter\u00a0\u00bb _builder_version=\u00a0\u00bb4.27.4&Prime; _module_preset=\u00a0\u00bbdefault\u00a0\u00bb custom_button=\u00a0\u00bbon\u00a0\u00bb button_text_size=\u00a0\u00bb20px\u00a0\u00bb button_text_color=\u00a0\u00bb#FFFFFF\u00a0\u00bb button_bg_color=\u00a0\u00bb#2ec7c7&Prime; button_border_width=\u00a0\u00bb3px\u00a0\u00bb button_border_color=\u00a0\u00bb#2ec7c7&Prime; button_icon=\u00a0\u00bb&#x49;||divi||400&Prime; box_shadow_style=\u00a0\u00bbpreset4&Prime; box_shadow_color=\u00a0\u00bbRGBA(0,0,0,0.4)\u00a0\u00bb global_colors_info=\u00a0\u00bb{}\u00a0\u00bb][\/et_pb_button][\/et_pb_column][\/et_pb_row][et_pb_row _builder_version=\u00a0\u00bb4.27.4&Prime; _module_preset=\u00a0\u00bbdefault\u00a0\u00bb custom_margin=\u00a0\u00bb-15px||||false|false\u00a0\u00bb global_colors_info=\u00a0\u00bb{}\u00a0\u00bb][et_pb_column type=\u00a0\u00bb4_4&Prime; _builder_version=\u00a0\u00bb4.27.4&Prime; _module_preset=\u00a0\u00bbdefault\u00a0\u00bb global_colors_info=\u00a0\u00bb{}\u00a0\u00bb][et_pb_heading title=\u00a0\u00bbIls soutiennent nos jeunes dans leurs recherches de fonds pour financer leur voyage ou fournissent des denr\u00e9es alimentaire \u00e0 prix coutants\u00a0\u00bb _builder_version=\u00a0\u00bb4.27.4&Prime; _module_preset=\u00a0\u00bbdefault\u00a0\u00bb title_level=\u00a0\u00bbh6&Prime; title_font=\u00a0\u00bb|700|||||||\u00a0\u00bb title_text_align=\u00a0\u00bbcenter\u00a0\u00bb title_text_color=\u00a0\u00bb#2ec7c7&Prime; title_font_size=\u00a0\u00bb18px\u00a0\u00bb global_colors_info=\u00a0\u00bb{}\u00a0\u00bb][\/et_pb_heading][\/et_pb_column][\/et_pb_row][et_pb_row _builder_version=\u00a0\u00bb4.27.4&Prime; _module_preset=\u00a0\u00bbdefault\u00a0\u00bb custom_margin=\u00a0\u00bb-43px||||false|false\u00a0\u00bb global_colors_info=\u00a0\u00bb{}\u00a0\u00bb][et_pb_column type=\u00a0\u00bb4_4&Prime; _builder_version=\u00a0\u00bb4.27.4&Prime; _module_preset=\u00a0\u00bbdefault\u00a0\u00bb global_colors_info=\u00a0\u00bb{}\u00a0\u00bb][et_pb_text _builder_version=\u00a0\u00bb4.27.4&Prime; _module_preset=\u00a0\u00bbdefault\u00a0\u00bb global_colors_info=\u00a0\u00bb{}\u00a0\u00bb]<\/p>\n<div id=\"comp-lsg4dvyf\" class=\"Z_l5lU ku3DBC zQ9jDz qvSjx3 Vq6kJx comp-lsg4dvyf wixui-rich-text\" data-testid=\"richTextElement\">\n<h4 class=\"font_4 wixui-rich-text__text\" style=\"font-size: 17px; text-align: center;\"><span style=\"font-size: 17px;\" class=\"wixui-rich-text__text\"><span style=\"font-family: montserrat,sans-serif;\" class=\"wixui-rich-text__text\"><span class=\"color_15 wixui-rich-text__text\"><span style=\"text-decoration: underline;\" class=\"wixui-rich-text__text\"><a href=\"https:\/\/www.laiterie-de-grandvillard.ch\/\" target=\"_blank\" rel=\"noreferrer noopener\" class=\"wixui-rich-text__text\">Laiterie de Grandvillard<\/a><\/span><br class=\"wixui-rich-text__text\" \/><span style=\"text-decoration: underline;\" class=\"wixui-rich-text__text\"><\/span><\/span><\/span><\/span><\/h4>\n<h4 class=\"font_4 wixui-rich-text__text\" style=\"font-size: 17px; text-align: center;\"><span style=\"font-size: 17px;\" class=\"wixui-rich-text__text\"><span style=\"font-family: montserrat,sans-serif;\" class=\"wixui-rich-text__text\"><span class=\"color_15 wixui-rich-text__text\"><span style=\"text-decoration: underline;\" class=\"wixui-rich-text__text\"><\/span><\/span><\/span><\/span><\/h4>\n<h4 class=\"font_4 wixui-rich-text__text\" style=\"font-size: 17px; text-align: center;\"><span style=\"font-size: 17px;\" class=\"wixui-rich-text__text\"><span style=\"font-family: montserrat,sans-serif;\" class=\"wixui-rich-text__text\"><span class=\"color_15 wixui-rich-text__text\"><span style=\"text-decoration: underline;\" class=\"wixui-rich-text__text\"><a href=\"https:\/\/ethikabio.ch\/\" target=\"_blank\" rel=\"noreferrer noopener\" class=\"wixui-rich-text__text\">Ethikabio<\/a><\/span><\/span><\/span><\/span><\/h4>\n<\/div>\n<p>[\/et_pb_text][\/et_pb_column][\/et_pb_row][et_pb_row _builder_version=\u00a0\u00bb4.27.4&Prime; _module_preset=\u00a0\u00bbdefault\u00a0\u00bb global_colors_info=\u00a0\u00bb{}\u00a0\u00bb][et_pb_column type=\u00a0\u00bb4_4&Prime; _builder_version=\u00a0\u00bb4.27.4&Prime; _module_preset=\u00a0\u00bbdefault\u00a0\u00bb global_colors_info=\u00a0\u00bb{}\u00a0\u00bb][et_pb_button button_url=\u00a0\u00bb#hautdepage\u00a0\u00bb button_text=\u00a0\u00bbRetour en haut\u00a0\u00bb button_alignment=\u00a0\u00bbcenter\u00a0\u00bb _builder_version=\u00a0\u00bb4.27.4&Prime; _module_preset=\u00a0\u00bb2714af32-b0bb-42ac-9d53-5a7fa3aece80&Prime; button_icon=\u00a0\u00bb&#x21;||divi||400&Prime; box_shadow_style=\u00a0\u00bbpreset4&Prime; locked=\u00a0\u00bboff\u00a0\u00bb global_colors_info=\u00a0\u00bb{}\u00a0\u00bb][\/et_pb_button][\/et_pb_column][\/et_pb_row][\/et_pb_section]<\/p>\n","protected":false},"excerpt":{"rendered":"<p>Organis\u00e9s en \u00e9troite collaboration avec les enseignants des cycles d\u2019orientation (CO) du canton de Fribourg, les camps R\u00eaves-sur-Mer, Bulle-en-Mer, Riaz-en-Mer et la Tour-sur-Mer r\u00e9unissent \u00e0 chaque fois 50 \u00e0 70 jeunes de 14 \u00e0 15 ans encadr\u00e9s par 20 \u00e0 30 enseignants et encadrants. Les skippers et seconds de notre association g\u00e8rent la navigation de [&hellip;]<\/p>\n","protected":false},"author":1,"featured_media":0,"parent":0,"menu_order":0,"comment_status":"closed","ping_status":"closed","template":"","meta":{"_et_pb_use_builder":"on","_et_pb_old_content":"","_et_gb_content_width":"","footnotes":""},"class_list":["post-1162","page","type-page","status-publish","hentry"],"_links":{"self":[{"href":"https:\/\/www.reves-sur-mer.ch\/fr_fr\/wp-json\/wp\/v2\/pages\/1162","targetHints":{"allow":["GET"]}}],"collection":[{"href":"https:\/\/www.reves-sur-mer.ch\/fr_fr\/wp-json\/wp\/v2\/pages"}],"about":[{"href":"https:\/\/www.reves-sur-mer.ch\/fr_fr\/wp-json\/wp\/v2\/types\/page"}],"author":[{"embeddable":true,"href":"https:\/\/www.reves-sur-mer.ch\/fr_fr\/wp-json\/wp\/v2\/users\/1"}],"replies":[{"embeddable":true,"href":"https:\/\/www.reves-sur-mer.ch\/fr_fr\/wp-json\/wp\/v2\/comments?post=1162"}],"version-history":[{"count":86,"href":"https:\/\/www.reves-sur-mer.ch\/fr_fr\/wp-json\/wp\/v2\/pages\/1162\/revisions"}],"predecessor-version":[{"id":3561,"href":"https:\/\/www.reves-sur-mer.ch\/fr_fr\/wp-json\/wp\/v2\/pages\/1162\/revisions\/3561"}],"wp:attachment":[{"href":"https:\/\/www.reves-sur-mer.ch\/fr_fr\/wp-json\/wp\/v2\/media?parent=1162"}],"curies":[{"name":"wp","href":"https:\/\/api.w.org\/{rel}","templated":true}]}}